{"id":7,"date":"2022-02-01T17:07:02","date_gmt":"2022-02-01T14:07:02","guid":{"rendered":"http:\/\/mlhgurkan.com\/?page_id=7"},"modified":"2025-04-29T08:27:18","modified_gmt":"2025-04-29T05:27:18","slug":"hakkimda","status":"publish","type":"page","link":"https:\/\/mlhgurkan.com\/","title":{"rendered":"Hakk\u0131mda"},"content":{"rendered":"<p style=\"text-align: center;\"><img loading=\"lazy\" decoding=\"async\" class=\"wp-image-248 aligncenter\" src=\"http:\/\/mlhgurkan.com\/wp-content\/uploads\/2022\/06\/3-233x300.jpg\" alt=\"\" width=\"250\" height=\"322\" srcset=\"https:\/\/mlhgurkan.com\/wp-content\/uploads\/2022\/06\/3-233x300.jpg 233w, https:\/\/mlhgurkan.com\/wp-content\/uploads\/2022\/06\/3-794x1024.jpg 794w, https:\/\/mlhgurkan.com\/wp-content\/uploads\/2022\/06\/3-768x991.jpg 768w, https:\/\/mlhgurkan.com\/wp-content\/uploads\/2022\/06\/3-1191x1536.jpg 1191w, https:\/\/mlhgurkan.com\/wp-content\/uploads\/2022\/06\/3.jpg 1452w\" sizes=\"auto, (max-width: 250px) 100vw, 250px\" \/><\/p>\r\n<p style=\"text-align: center;\">Marmara \u00dcniversitesi Psikolojik Dan\u0131\u015fmanl\u0131k ve Rehberlik b\u00f6l\u00fcm\u00fcnde lisans, Y\u0131ld\u0131z Teknik \u00dcniversitesi Psikolojik Dan\u0131\u015fmanl\u0131k ve Rehberlik b\u00f6l\u00fcm\u00fcnde ise y\u00fcksek lisans e\u011fitimlerimi tamamlad\u0131m. Dr. Abd\u00fclkadir \u00d6zbek Enstit\u00fcs\u00fc\u2019nden Psikodrama, Kognitif ve Davran\u0131\u015f Terapileri Derne\u011fi\u2019nden Bili\u015fsel Davran\u0131\u015f\u00e7\u0131 Yakla\u015f\u0131m, Prof. Dr. K\u00fcltegin \u00d6gel\u2019den Motivasyonel G\u00f6r\u00fc\u015fme Teknikleri, Prof. Dr. Patricia Robinson ve Prof. Dr. Kirk Strosahl\u2019dan K\u0131sa Mu\u0308dahaleler \u0130\u00e7in Odaklanm\u0131\u015f ACT\/F-ACT, Davran\u0131\u015f Bilimleri Enstit\u00fcs\u00fc\u2019nden 1. D\u00fczey EMDR e\u011fitimleri ald\u0131m.\u00a0<\/p>\r\n<p style=\"text-align: center;\">Kariyerim boyunca \u00e7e\u015fitli dan\u0131\u015fmanl\u0131k merkezleri ve \u00f6zel okullarda psikolojik dan\u0131\u015fman olarak g\u00f6rev yapt\u0131m. \u00c7al\u0131\u015fmalar\u0131m boyunca kurumlara ve yeti\u015fkinlere y\u00f6nelik bir\u00e7ok seminer ve e\u011fitim ger\u00e7ekle\u015ftirdim. Yakla\u015f\u0131m olarak Bili\u015fsel Davran\u0131\u015f\u00e7\u0131, Kabul ve Adanm\u0131\u015fl\u0131k ekollerini temel almaktay\u0131m.\u00a0<\/p>\r\n<p style=\"text-align: center;\">\u00c7al\u0131\u015fmalar\u0131ma ergenler ve yeti\u015fkinler ile devam ediyorum. Ruh sa\u011fl\u0131\u011f\u0131 alan\u0131ndaki uygulamalar\u0131mda bireye \u00f6zg\u00fc, transdiyagnostik (tan\u0131\/tan\u0131lar \u00fcst\u00fc) yakla\u015f\u0131m\u0131 benimsemekteyim.<\/p>\r\n<p><!-- \/wp:post-content --><\/p>\r\n<p><!-- wp:paragraph --><\/p>\r\n<p><!-- \/wp:paragraph --><\/p>","protected":false},"excerpt":{"rendered":"<p>Marmara \u00dcniversitesi Psikolojik Dan\u0131\u015fmanl\u0131k ve Rehberlik b\u00f6l\u00fcm\u00fcnde lisans, Y\u0131ld\u0131z Teknik \u00dcniversitesi Psikolojik Dan\u0131\u015fmanl\u0131k ve Rehberlik b\u00f6l\u00fcm\u00fcnde ise y\u00fcksek lisans e\u011fitimlerimi tamamlad\u0131m. Dr. Abd\u00fclkadir \u00d6zbek Enstit\u00fcs\u00fc\u2019nden Psikodrama, Kognitif ve Davran\u0131\u015f Terapileri Derne\u011fi\u2019nden Bili\u015fsel Davran\u0131\u015f\u00e7\u0131 Yakla\u015f\u0131m, Prof. Dr. K\u00fcltegin \u00d6gel\u2019den Motivasyonel G\u00f6r\u00fc\u015fme Teknikleri, Prof. Dr. Patricia Robinson ve Prof. Dr. Kirk Strosahl\u2019dan K\u0131sa Mu\u0308dahaleler \u0130\u00e7in Odaklanm\u0131\u015f ACT\/F-ACT, &hellip; <\/p>\n<p class=\"link-more\"><a href=\"https:\/\/mlhgurkan.com\/\" class=\"more-link\">Okumaya devam et<span class=\"screen-reader-text\"> &#8220;Hakk\u0131mda&#8221;<\/span><\/a><\/p>\n","protected":false},"author":1,"featured_media":0,"parent":0,"menu_order":0,"comment_status":"closed","ping_status":"closed","template":"","meta":{"om_disable_all_campaigns":false,"_mi_skip_tracking":false,"_monsterinsights_sitenote_active":false,"_monsterinsights_sitenote_note":"","_monsterinsights_sitenote_category":0,"_joinchat":[],"footnotes":""},"class_list":["post-7","page","type-page","status-publish","hentry"],"yoast_head":"<!-- This site is optimized with the Yoast SEO plugin v27.5 - https:\/\/yoast.com\/product\/yoast-seo-wordpress\/ -->\n<title>Hakk\u0131mda - Melih G\u00fcrkan<\/title>\n<meta name=\"robots\" content=\"index, follow, max-snippet:-1, max-image-preview:large, max-video-preview:-1\" \/>\n<link rel=\"canonical\" href=\"https:\/\/mlhgurkan.com\/\" \/>\n<meta property=\"og:locale\" content=\"tr_TR\" \/>\n<meta property=\"og:type\" content=\"article\" \/>\n<meta property=\"og:title\" content=\"Hakk\u0131mda - Melih G\u00fcrkan\" \/>\n<meta property=\"og:description\" content=\"Marmara \u00dcniversitesi Psikolojik Dan\u0131\u015fmanl\u0131k ve Rehberlik b\u00f6l\u00fcm\u00fcnde lisans, Y\u0131ld\u0131z Teknik \u00dcniversitesi Psikolojik Dan\u0131\u015fmanl\u0131k ve Rehberlik b\u00f6l\u00fcm\u00fcnde ise y\u00fcksek lisans e\u011fitimlerimi tamamlad\u0131m. Dr. Abd\u00fclkadir \u00d6zbek Enstit\u00fcs\u00fc\u2019nden Psikodrama, Kognitif ve Davran\u0131\u015f Terapileri Derne\u011fi\u2019nden Bili\u015fsel Davran\u0131\u015f\u00e7\u0131 Yakla\u015f\u0131m, Prof. Dr. K\u00fcltegin \u00d6gel\u2019den Motivasyonel G\u00f6r\u00fc\u015fme Teknikleri, Prof. Dr. Patricia Robinson ve Prof. Dr. Kirk Strosahl\u2019dan K\u0131sa Mu\u0308dahaleler \u0130\u00e7in Odaklanm\u0131\u015f ACT\/F-ACT, &hellip; Okumaya devam et &quot;Hakk\u0131mda&quot;\" \/>\n<meta property=\"og:url\" content=\"https:\/\/mlhgurkan.com\/\" \/>\n<meta property=\"og:site_name\" content=\"Melih G\u00fcrkan\" \/>\n<meta property=\"article:modified_time\" content=\"2025-04-29T05:27:18+00:00\" \/>\n<meta property=\"og:image\" content=\"http:\/\/mlhgurkan.com\/wp-content\/uploads\/2022\/06\/3-233x300.jpg\" \/>\n<meta name=\"twitter:card\" content=\"summary_large_image\" \/>\n<meta name=\"twitter:label1\" content=\"Tahmini okuma s\u00fcresi\" \/>\n\t<meta name=\"twitter:data1\" content=\"1 dakika\" \/>\n<script type=\"application\/ld+json\" class=\"yoast-schema-graph\">{\"@context\":\"https:\\\/\\\/schema.org\",\"@graph\":[{\"@type\":\"WebPage\",\"@id\":\"https:\\\/\\\/mlhgurkan.com\\\/\",\"url\":\"https:\\\/\\\/mlhgurkan.com\\\/\",\"name\":\"Hakk\u0131mda - Melih G\u00fcrkan\",\"isPartOf\":{\"@id\":\"https:\\\/\\\/mlhgurkan.com\\\/#website\"},\"primaryImageOfPage\":{\"@id\":\"https:\\\/\\\/mlhgurkan.com\\\/#primaryimage\"},\"image\":{\"@id\":\"https:\\\/\\\/mlhgurkan.com\\\/#primaryimage\"},\"thumbnailUrl\":\"http:\\\/\\\/mlhgurkan.com\\\/wp-content\\\/uploads\\\/2022\\\/06\\\/3-233x300.jpg\",\"datePublished\":\"2022-02-01T14:07:02+00:00\",\"dateModified\":\"2025-04-29T05:27:18+00:00\",\"breadcrumb\":{\"@id\":\"https:\\\/\\\/mlhgurkan.com\\\/#breadcrumb\"},\"inLanguage\":\"tr\",\"potentialAction\":[{\"@type\":\"ReadAction\",\"target\":[\"https:\\\/\\\/mlhgurkan.com\\\/\"]}]},{\"@type\":\"ImageObject\",\"inLanguage\":\"tr\",\"@id\":\"https:\\\/\\\/mlhgurkan.com\\\/#primaryimage\",\"url\":\"http:\\\/\\\/mlhgurkan.com\\\/wp-content\\\/uploads\\\/2022\\\/06\\\/3-233x300.jpg\",\"contentUrl\":\"http:\\\/\\\/mlhgurkan.com\\\/wp-content\\\/uploads\\\/2022\\\/06\\\/3-233x300.jpg\"},{\"@type\":\"BreadcrumbList\",\"@id\":\"https:\\\/\\\/mlhgurkan.com\\\/#breadcrumb\",\"itemListElement\":[{\"@type\":\"ListItem\",\"position\":1,\"name\":\"Anasayfa\",\"item\":\"https:\\\/\\\/mlhgurkan.com\\\/\"},{\"@type\":\"ListItem\",\"position\":2,\"name\":\"Hakk\u0131mda\"}]},{\"@type\":\"WebSite\",\"@id\":\"https:\\\/\\\/mlhgurkan.com\\\/#website\",\"url\":\"https:\\\/\\\/mlhgurkan.com\\\/\",\"name\":\"Melih G\u00fcrkan\",\"description\":\"Uzm. Psikolojik Dan\u0131\u015fman, Psikoterapist\",\"publisher\":{\"@id\":\"https:\\\/\\\/mlhgurkan.com\\\/#\\\/schema\\\/person\\\/cc2f796de39190997ac572b3ce8b254f\"},\"potentialAction\":[{\"@type\":\"SearchAction\",\"target\":{\"@type\":\"EntryPoint\",\"urlTemplate\":\"https:\\\/\\\/mlhgurkan.com\\\/?s={search_term_string}\"},\"query-input\":{\"@type\":\"PropertyValueSpecification\",\"valueRequired\":true,\"valueName\":\"search_term_string\"}}],\"inLanguage\":\"tr\"},{\"@type\":[\"Person\",\"Organization\"],\"@id\":\"https:\\\/\\\/mlhgurkan.com\\\/#\\\/schema\\\/person\\\/cc2f796de39190997ac572b3ce8b254f\",\"name\":\"Melih G\u00fcrkan\",\"image\":{\"@type\":\"ImageObject\",\"inLanguage\":\"tr\",\"@id\":\"https:\\\/\\\/mlhgurkan.com\\\/wp-content\\\/uploads\\\/2026\\\/01\\\/3.jpg\",\"url\":\"https:\\\/\\\/mlhgurkan.com\\\/wp-content\\\/uploads\\\/2026\\\/01\\\/3.jpg\",\"contentUrl\":\"https:\\\/\\\/mlhgurkan.com\\\/wp-content\\\/uploads\\\/2026\\\/01\\\/3.jpg\",\"width\":1452,\"height\":1873,\"caption\":\"Melih G\u00fcrkan\"},\"logo\":{\"@id\":\"https:\\\/\\\/mlhgurkan.com\\\/wp-content\\\/uploads\\\/2026\\\/01\\\/3.jpg\"},\"sameAs\":[\"http:\\\/\\\/mlhgurkan.com\"]}]}<\/script>\n<!-- \/ Yoast SEO plugin. -->","yoast_head_json":{"title":"Hakk\u0131mda - Melih G\u00fcrkan","robots":{"index":"index","follow":"follow","max-snippet":"max-snippet:-1","max-image-preview":"max-image-preview:large","max-video-preview":"max-video-preview:-1"},"canonical":"https:\/\/mlhgurkan.com\/","og_locale":"tr_TR","og_type":"article","og_title":"Hakk\u0131mda - Melih G\u00fcrkan","og_description":"Marmara \u00dcniversitesi Psikolojik Dan\u0131\u015fmanl\u0131k ve Rehberlik b\u00f6l\u00fcm\u00fcnde lisans, Y\u0131ld\u0131z Teknik \u00dcniversitesi Psikolojik Dan\u0131\u015fmanl\u0131k ve Rehberlik b\u00f6l\u00fcm\u00fcnde ise y\u00fcksek lisans e\u011fitimlerimi tamamlad\u0131m. Dr. Abd\u00fclkadir \u00d6zbek Enstit\u00fcs\u00fc\u2019nden Psikodrama, Kognitif ve Davran\u0131\u015f Terapileri Derne\u011fi\u2019nden Bili\u015fsel Davran\u0131\u015f\u00e7\u0131 Yakla\u015f\u0131m, Prof. Dr. K\u00fcltegin \u00d6gel\u2019den Motivasyonel G\u00f6r\u00fc\u015fme Teknikleri, Prof. Dr. Patricia Robinson ve Prof. Dr. Kirk Strosahl\u2019dan K\u0131sa Mu\u0308dahaleler \u0130\u00e7in Odaklanm\u0131\u015f ACT\/F-ACT, &hellip; Okumaya devam et \"Hakk\u0131mda\"","og_url":"https:\/\/mlhgurkan.com\/","og_site_name":"Melih G\u00fcrkan","article_modified_time":"2025-04-29T05:27:18+00:00","og_image":[{"url":"http:\/\/mlhgurkan.com\/wp-content\/uploads\/2022\/06\/3-233x300.jpg","type":"","width":"","height":""}],"twitter_card":"summary_large_image","twitter_misc":{"Tahmini okuma s\u00fcresi":"1 dakika"},"schema":{"@context":"https:\/\/schema.org","@graph":[{"@type":"WebPage","@id":"https:\/\/mlhgurkan.com\/","url":"https:\/\/mlhgurkan.com\/","name":"Hakk\u0131mda - Melih G\u00fcrkan","isPartOf":{"@id":"https:\/\/mlhgurkan.com\/#website"},"primaryImageOfPage":{"@id":"https:\/\/mlhgurkan.com\/#primaryimage"},"image":{"@id":"https:\/\/mlhgurkan.com\/#primaryimage"},"thumbnailUrl":"http:\/\/mlhgurkan.com\/wp-content\/uploads\/2022\/06\/3-233x300.jpg","datePublished":"2022-02-01T14:07:02+00:00","dateModified":"2025-04-29T05:27:18+00:00","breadcrumb":{"@id":"https:\/\/mlhgurkan.com\/#breadcrumb"},"inLanguage":"tr","potentialAction":[{"@type":"ReadAction","target":["https:\/\/mlhgurkan.com\/"]}]},{"@type":"ImageObject","inLanguage":"tr","@id":"https:\/\/mlhgurkan.com\/#primaryimage","url":"http:\/\/mlhgurkan.com\/wp-content\/uploads\/2022\/06\/3-233x300.jpg","contentUrl":"http:\/\/mlhgurkan.com\/wp-content\/uploads\/2022\/06\/3-233x300.jpg"},{"@type":"BreadcrumbList","@id":"https:\/\/mlhgurkan.com\/#breadcrumb","itemListElement":[{"@type":"ListItem","position":1,"name":"Anasayfa","item":"https:\/\/mlhgurkan.com\/"},{"@type":"ListItem","position":2,"name":"Hakk\u0131mda"}]},{"@type":"WebSite","@id":"https:\/\/mlhgurkan.com\/#website","url":"https:\/\/mlhgurkan.com\/","name":"Melih G\u00fcrkan","description":"Uzm. Psikolojik Dan\u0131\u015fman, Psikoterapist","publisher":{"@id":"https:\/\/mlhgurkan.com\/#\/schema\/person\/cc2f796de39190997ac572b3ce8b254f"},"potentialAction":[{"@type":"SearchAction","target":{"@type":"EntryPoint","urlTemplate":"https:\/\/mlhgurkan.com\/?s={search_term_string}"},"query-input":{"@type":"PropertyValueSpecification","valueRequired":true,"valueName":"search_term_string"}}],"inLanguage":"tr"},{"@type":["Person","Organization"],"@id":"https:\/\/mlhgurkan.com\/#\/schema\/person\/cc2f796de39190997ac572b3ce8b254f","name":"Melih G\u00fcrkan","image":{"@type":"ImageObject","inLanguage":"tr","@id":"https:\/\/mlhgurkan.com\/wp-content\/uploads\/2026\/01\/3.jpg","url":"https:\/\/mlhgurkan.com\/wp-content\/uploads\/2026\/01\/3.jpg","contentUrl":"https:\/\/mlhgurkan.com\/wp-content\/uploads\/2026\/01\/3.jpg","width":1452,"height":1873,"caption":"Melih G\u00fcrkan"},"logo":{"@id":"https:\/\/mlhgurkan.com\/wp-content\/uploads\/2026\/01\/3.jpg"},"sameAs":["http:\/\/mlhgurkan.com"]}]}},"amp_enabled":true,"_links":{"self":[{"href":"https:\/\/mlhgurkan.com\/index.php\/wp-json\/wp\/v2\/pages\/7","targetHints":{"allow":["GET"]}}],"collection":[{"href":"https:\/\/mlhgurkan.com\/index.php\/wp-json\/wp\/v2\/pages"}],"about":[{"href":"https:\/\/mlhgurkan.com\/index.php\/wp-json\/wp\/v2\/types\/page"}],"author":[{"embeddable":true,"href":"https:\/\/mlhgurkan.com\/index.php\/wp-json\/wp\/v2\/users\/1"}],"replies":[{"embeddable":true,"href":"https:\/\/mlhgurkan.com\/index.php\/wp-json\/wp\/v2\/comments?post=7"}],"version-history":[{"count":33,"href":"https:\/\/mlhgurkan.com\/index.php\/wp-json\/wp\/v2\/pages\/7\/revisions"}],"predecessor-version":[{"id":336,"href":"https:\/\/mlhgurkan.com\/index.php\/wp-json\/wp\/v2\/pages\/7\/revisions\/336"}],"wp:attachment":[{"href":"https:\/\/mlhgurkan.com\/index.php\/wp-json\/wp\/v2\/media?parent=7"}],"curies":[{"name":"wp","href":"https:\/\/api.w.org\/{rel}","templated":true}]}}