{"id":8,"date":"2022-02-01T17:07:02","date_gmt":"2022-02-01T14:07:02","guid":{"rendered":"http:\/\/mlhgurkan.com\/?page_id=8"},"modified":"2022-02-05T22:58:52","modified_gmt":"2022-02-05T19:58:52","slug":"bize-ulasin","status":"publish","type":"page","link":"https:\/\/mlhgurkan.com\/index.php\/bize-ulasin\/","title":{"rendered":"Bana ula\u015f\u0131n&#8230;"},"content":{"rendered":"<p><\/p>\r\n<p>\u00c7evrimi\u00e7i ya da y\u00fcz y\u00fcze dan\u0131\u015fmanl\u0131k i\u00e7in bana ileti\u015fim formu, telefon ya da e-posta yoluyla ula\u015fabilirsiniz&#8230;<\/p>\r\n<p><\/p>\r\n<p><\/p>\r\n<p>+90 532 374 95 09 <a href=\"mailto:melih@mlhgurkan.com\">melih@mlhgurkan.com<\/a><\/p>\r\n<p><div class=\"forminator-ui forminator-custom-form forminator-custom-form-136 forminator-design--default  forminator_ajax\" data-forminator-render=\"0\" data-form=\"forminator-module-136\" data-uid=\"69f2a02235758\"><br\/><\/div><form\n\t\t\t\tid=\"forminator-module-136\"\n\t\t\t\tclass=\"forminator-ui forminator-custom-form forminator-custom-form-136 forminator-design--default  forminator_ajax\"\n\t\t\t\tmethod=\"post\"\n\t\t\t\tdata-forminator-render=\"0\"\n\t\t\t\tdata-form-id=\"136\"\n\t\t\t\t data-color-option=\"default\" data-design=\"default\" data-grid=\"open\" style=\"display: none;\"\n\t\t\t\tdata-uid=\"69f2a02235758\"\n\t\t\t><div role=\"alert\" aria-live=\"polite\" class=\"forminator-response-message forminator-error\" aria-hidden=\"true\"><\/div><div class=\"forminator-row\"><div id=\"name-1\" class=\"forminator-field-name forminator-col forminator-col-6 \"><div class=\"forminator-field\"><label for=\"forminator-field-name-1_69f2a02235758\" id=\"forminator-field-name-1_69f2a02235758-label\" class=\"forminator-label\">Ad\u0131n\u0131z Soyad\u0131n\u0131z <span class=\"forminator-required\">*<\/span><\/label><input type=\"text\" name=\"name-1\" value=\"\" placeholder=\"E.g. John\" id=\"forminator-field-name-1_69f2a02235758\" class=\"forminator-input forminator-name--field\" aria-required=\"true\" autocomplete=\"name\" \/><\/div><\/div><div id=\"email-1\" class=\"forminator-field-email forminator-col forminator-col-6 \"><div class=\"forminator-field\"><label for=\"forminator-field-email-1_69f2a02235758\" id=\"forminator-field-email-1_69f2a02235758-label\" class=\"forminator-label\">E-posta Adresi <span class=\"forminator-required\">*<\/span><\/label><input type=\"email\" name=\"email-1\" value=\"\" placeholder=\"E.g. john@doe.com\" id=\"forminator-field-email-1_69f2a02235758\" class=\"forminator-input forminator-email--field\" data-required=\"true\" aria-required=\"true\" autocomplete=\"email\" \/><\/div><\/div><\/div><div class=\"forminator-row\"><div id=\"phone-1\" class=\"forminator-field-phone forminator-col forminator-col-12 \"><div class=\"forminator-field\"><label for=\"forminator-field-phone-1_69f2a02235758\" id=\"forminator-field-phone-1_69f2a02235758-label\" class=\"forminator-label\">Telefon Numaras\u0131<\/label><input type=\"text\" name=\"phone-1\" value=\"\" placeholder=\"E.g. +1 3004005000\" id=\"forminator-field-phone-1_69f2a02235758\" class=\"forminator-input forminator-field--phone\" data-required=\"\" aria-required=\"false\" autocomplete=\"off\" \/><\/div><\/div><\/div><div class=\"forminator-row\"><div id=\"textarea-1\" class=\"forminator-field-textarea forminator-col forminator-col-12 \"><div class=\"forminator-field\"><label for=\"forminator-field-textarea-1_69f2a02235758\" id=\"forminator-field-textarea-1_69f2a02235758-label\" class=\"forminator-label\">Mesaj<\/label><textarea name=\"textarea-1\" placeholder=\"Mesaj\u0131n\u0131z\u0131 giriniz...\" id=\"forminator-field-textarea-1_69f2a02235758\" class=\"forminator-textarea\" rows=\"6\" style=\"--forminator-textarea-min-height:140px;\" maxlength=\"180\" ><\/textarea><span id=\"forminator-field-textarea-1_69f2a02235758-description\" class=\"forminator-description\"><span data-limit=\"180\" data-type=\"characters\" data-editor=\"\">0 \/ 180<\/span><\/span><\/div><\/div><\/div><input type=\"hidden\" name=\"referer_url\" value=\"\" \/><div class=\"forminator-row forminator-row-last\"><div class=\"forminator-col\"><div class=\"forminator-field\"><button class=\"forminator-button forminator-button-submit\">Mesaj G&ouml;nder<\/button><\/div><\/div><\/div><input type=\"hidden\" id=\"forminator_nonce\" name=\"forminator_nonce\" value=\"d2981ddaa7\" \/><input type=\"hidden\" name=\"_wp_http_referer\" value=\"\/index.php\/wp-json\/wp\/v2\/pages\/8\" \/><input type=\"hidden\" name=\"form_id\" value=\"136\"><input type=\"hidden\" name=\"page_id\" value=\"8\"><input type=\"hidden\" name=\"form_type\" value=\"default\"><input type=\"hidden\" name=\"current_url\" value=\"https:\/\/mlhgurkan.com\/index.php\/bize-ulasin\/\"><input type=\"hidden\" name=\"render_id\" value=\"0\"><input type=\"hidden\" name=\"action\" value=\"forminator_submit_form_custom-forms\"><\/form><\/p>\r\n<p><\/p>\r\n<p><\/p>\r\n<p>&nbsp;<\/p>\r\n<p><\/p>","protected":false},"excerpt":{"rendered":"<p>\u00c7evrimi\u00e7i ya da y\u00fcz y\u00fcze dan\u0131\u015fmanl\u0131k i\u00e7in bana ileti\u015fim formu, telefon ya da e-posta yoluyla ula\u015fabilirsiniz&#8230; +90 532 374 95 09 melih@mlhgurkan.com &nbsp;<\/p>\n","protected":false},"author":1,"featured_media":0,"parent":0,"menu_order":0,"comment_status":"closed","ping_status":"closed","template":"","meta":{"om_disable_all_campaigns":false,"_mi_skip_tracking":false,"_monsterinsights_sitenote_active":false,"_monsterinsights_sitenote_note":"","_monsterinsights_sitenote_category":0,"_joinchat":[],"footnotes":""},"class_list":["post-8","page","type-page","status-publish","hentry"],"yoast_head":"<!-- This site is optimized with the Yoast SEO plugin v27.5 - https:\/\/yoast.com\/product\/yoast-seo-wordpress\/ -->\n<title>Bana ula\u015f\u0131n... - Melih G\u00fcrkan<\/title>\n<meta name=\"robots\" content=\"index, follow, max-snippet:-1, max-image-preview:large, max-video-preview:-1\" \/>\n<link rel=\"canonical\" href=\"https:\/\/mlhgurkan.com\/index.php\/bize-ulasin\/\" \/>\n<meta property=\"og:locale\" content=\"tr_TR\" \/>\n<meta property=\"og:type\" content=\"article\" \/>\n<meta property=\"og:title\" content=\"Bana ula\u015f\u0131n... - Melih G\u00fcrkan\" \/>\n<meta property=\"og:description\" content=\"\u00c7evrimi\u00e7i ya da y\u00fcz y\u00fcze dan\u0131\u015fmanl\u0131k i\u00e7in bana ileti\u015fim formu, telefon ya da e-posta yoluyla ula\u015fabilirsiniz&#8230; +90 532 374 95 09 melih@mlhgurkan.com &nbsp;\" \/>\n<meta property=\"og:url\" content=\"https:\/\/mlhgurkan.com\/index.php\/bize-ulasin\/\" \/>\n<meta property=\"og:site_name\" content=\"Melih G\u00fcrkan\" \/>\n<meta property=\"article:modified_time\" content=\"2022-02-05T19:58:52+00:00\" \/>\n<meta name=\"twitter:card\" content=\"summary_large_image\" \/>\n<meta name=\"twitter:label1\" content=\"Tahmini okuma s\u00fcresi\" \/>\n\t<meta name=\"twitter:data1\" content=\"1 dakika\" \/>\n<script type=\"application\/ld+json\" class=\"yoast-schema-graph\">{\"@context\":\"https:\\\/\\\/schema.org\",\"@graph\":[{\"@type\":\"WebPage\",\"@id\":\"https:\\\/\\\/mlhgurkan.com\\\/index.php\\\/bize-ulasin\\\/\",\"url\":\"https:\\\/\\\/mlhgurkan.com\\\/index.php\\\/bize-ulasin\\\/\",\"name\":\"Bana ula\u015f\u0131n... - Melih G\u00fcrkan\",\"isPartOf\":{\"@id\":\"https:\\\/\\\/mlhgurkan.com\\\/#website\"},\"datePublished\":\"2022-02-01T14:07:02+00:00\",\"dateModified\":\"2022-02-05T19:58:52+00:00\",\"breadcrumb\":{\"@id\":\"https:\\\/\\\/mlhgurkan.com\\\/index.php\\\/bize-ulasin\\\/#breadcrumb\"},\"inLanguage\":\"tr\",\"potentialAction\":[{\"@type\":\"ReadAction\",\"target\":[\"https:\\\/\\\/mlhgurkan.com\\\/index.php\\\/bize-ulasin\\\/\"]}]},{\"@type\":\"BreadcrumbList\",\"@id\":\"https:\\\/\\\/mlhgurkan.com\\\/index.php\\\/bize-ulasin\\\/#breadcrumb\",\"itemListElement\":[{\"@type\":\"ListItem\",\"position\":1,\"name\":\"Anasayfa\",\"item\":\"https:\\\/\\\/mlhgurkan.com\\\/\"},{\"@type\":\"ListItem\",\"position\":2,\"name\":\"Bana ula\u015f\u0131n&#8230;\"}]},{\"@type\":\"WebSite\",\"@id\":\"https:\\\/\\\/mlhgurkan.com\\\/#website\",\"url\":\"https:\\\/\\\/mlhgurkan.com\\\/\",\"name\":\"Melih G\u00fcrkan\",\"description\":\"Uzm. Psikolojik Dan\u0131\u015fman, Psikoterapist\",\"publisher\":{\"@id\":\"https:\\\/\\\/mlhgurkan.com\\\/#\\\/schema\\\/person\\\/cc2f796de39190997ac572b3ce8b254f\"},\"potentialAction\":[{\"@type\":\"SearchAction\",\"target\":{\"@type\":\"EntryPoint\",\"urlTemplate\":\"https:\\\/\\\/mlhgurkan.com\\\/?s={search_term_string}\"},\"query-input\":{\"@type\":\"PropertyValueSpecification\",\"valueRequired\":true,\"valueName\":\"search_term_string\"}}],\"inLanguage\":\"tr\"},{\"@type\":[\"Person\",\"Organization\"],\"@id\":\"https:\\\/\\\/mlhgurkan.com\\\/#\\\/schema\\\/person\\\/cc2f796de39190997ac572b3ce8b254f\",\"name\":\"Melih G\u00fcrkan\",\"image\":{\"@type\":\"ImageObject\",\"inLanguage\":\"tr\",\"@id\":\"https:\\\/\\\/mlhgurkan.com\\\/wp-content\\\/uploads\\\/2026\\\/01\\\/3.jpg\",\"url\":\"https:\\\/\\\/mlhgurkan.com\\\/wp-content\\\/uploads\\\/2026\\\/01\\\/3.jpg\",\"contentUrl\":\"https:\\\/\\\/mlhgurkan.com\\\/wp-content\\\/uploads\\\/2026\\\/01\\\/3.jpg\",\"width\":1452,\"height\":1873,\"caption\":\"Melih G\u00fcrkan\"},\"logo\":{\"@id\":\"https:\\\/\\\/mlhgurkan.com\\\/wp-content\\\/uploads\\\/2026\\\/01\\\/3.jpg\"},\"sameAs\":[\"http:\\\/\\\/mlhgurkan.com\"]}]}<\/script>\n<!-- \/ Yoast SEO plugin. -->","yoast_head_json":{"title":"Bana ula\u015f\u0131n... - Melih G\u00fcrkan","robots":{"index":"index","follow":"follow","max-snippet":"max-snippet:-1","max-image-preview":"max-image-preview:large","max-video-preview":"max-video-preview:-1"},"canonical":"https:\/\/mlhgurkan.com\/index.php\/bize-ulasin\/","og_locale":"tr_TR","og_type":"article","og_title":"Bana ula\u015f\u0131n... - Melih G\u00fcrkan","og_description":"\u00c7evrimi\u00e7i ya da y\u00fcz y\u00fcze dan\u0131\u015fmanl\u0131k i\u00e7in bana ileti\u015fim formu, telefon ya da e-posta yoluyla ula\u015fabilirsiniz&#8230; +90 532 374 95 09 melih@mlhgurkan.com &nbsp;","og_url":"https:\/\/mlhgurkan.com\/index.php\/bize-ulasin\/","og_site_name":"Melih G\u00fcrkan","article_modified_time":"2022-02-05T19:58:52+00:00","twitter_card":"summary_large_image","twitter_misc":{"Tahmini okuma s\u00fcresi":"1 dakika"},"schema":{"@context":"https:\/\/schema.org","@graph":[{"@type":"WebPage","@id":"https:\/\/mlhgurkan.com\/index.php\/bize-ulasin\/","url":"https:\/\/mlhgurkan.com\/index.php\/bize-ulasin\/","name":"Bana ula\u015f\u0131n... - Melih G\u00fcrkan","isPartOf":{"@id":"https:\/\/mlhgurkan.com\/#website"},"datePublished":"2022-02-01T14:07:02+00:00","dateModified":"2022-02-05T19:58:52+00:00","breadcrumb":{"@id":"https:\/\/mlhgurkan.com\/index.php\/bize-ulasin\/#breadcrumb"},"inLanguage":"tr","potentialAction":[{"@type":"ReadAction","target":["https:\/\/mlhgurkan.com\/index.php\/bize-ulasin\/"]}]},{"@type":"BreadcrumbList","@id":"https:\/\/mlhgurkan.com\/index.php\/bize-ulasin\/#breadcrumb","itemListElement":[{"@type":"ListItem","position":1,"name":"Anasayfa","item":"https:\/\/mlhgurkan.com\/"},{"@type":"ListItem","position":2,"name":"Bana ula\u015f\u0131n&#8230;"}]},{"@type":"WebSite","@id":"https:\/\/mlhgurkan.com\/#website","url":"https:\/\/mlhgurkan.com\/","name":"Melih G\u00fcrkan","description":"Uzm. Psikolojik Dan\u0131\u015fman, Psikoterapist","publisher":{"@id":"https:\/\/mlhgurkan.com\/#\/schema\/person\/cc2f796de39190997ac572b3ce8b254f"},"potentialAction":[{"@type":"SearchAction","target":{"@type":"EntryPoint","urlTemplate":"https:\/\/mlhgurkan.com\/?s={search_term_string}"},"query-input":{"@type":"PropertyValueSpecification","valueRequired":true,"valueName":"search_term_string"}}],"inLanguage":"tr"},{"@type":["Person","Organization"],"@id":"https:\/\/mlhgurkan.com\/#\/schema\/person\/cc2f796de39190997ac572b3ce8b254f","name":"Melih G\u00fcrkan","image":{"@type":"ImageObject","inLanguage":"tr","@id":"https:\/\/mlhgurkan.com\/wp-content\/uploads\/2026\/01\/3.jpg","url":"https:\/\/mlhgurkan.com\/wp-content\/uploads\/2026\/01\/3.jpg","contentUrl":"https:\/\/mlhgurkan.com\/wp-content\/uploads\/2026\/01\/3.jpg","width":1452,"height":1873,"caption":"Melih G\u00fcrkan"},"logo":{"@id":"https:\/\/mlhgurkan.com\/wp-content\/uploads\/2026\/01\/3.jpg"},"sameAs":["http:\/\/mlhgurkan.com"]}]}},"amp_enabled":true,"_links":{"self":[{"href":"https:\/\/mlhgurkan.com\/index.php\/wp-json\/wp\/v2\/pages\/8","targetHints":{"allow":["GET"]}}],"collection":[{"href":"https:\/\/mlhgurkan.com\/index.php\/wp-json\/wp\/v2\/pages"}],"about":[{"href":"https:\/\/mlhgurkan.com\/index.php\/wp-json\/wp\/v2\/types\/page"}],"author":[{"embeddable":true,"href":"https:\/\/mlhgurkan.com\/index.php\/wp-json\/wp\/v2\/users\/1"}],"replies":[{"embeddable":true,"href":"https:\/\/mlhgurkan.com\/index.php\/wp-json\/wp\/v2\/comments?post=8"}],"version-history":[{"count":11,"href":"https:\/\/mlhgurkan.com\/index.php\/wp-json\/wp\/v2\/pages\/8\/revisions"}],"predecessor-version":[{"id":197,"href":"https:\/\/mlhgurkan.com\/index.php\/wp-json\/wp\/v2\/pages\/8\/revisions\/197"}],"wp:attachment":[{"href":"https:\/\/mlhgurkan.com\/index.php\/wp-json\/wp\/v2\/media?parent=8"}],"curies":[{"name":"wp","href":"https:\/\/api.w.org\/{rel}","templated":true}]}}